{"id":1485,"date":"2023-07-18T11:13:21","date_gmt":"2023-07-18T09:13:21","guid":{"rendered":"https:\/\/chiarat.ntfnd.it\/?page_id=1485"},"modified":"2023-08-24T13:06:26","modified_gmt":"2023-08-24T11:06:26","slug":"preventivi","status":"publish","type":"page","link":"https:\/\/chiarat.ntfnd.it\/?page_id=1485","title":{"rendered":"Preventivi"},"content":{"rendered":"\n<div class=\"wp-block-uagb-info-box uagb-block-f1406ecc uagb-infobox__content-wrap  uagb-infobox-icon-above-title uagb-infobox-image-valign-top\"><div class=\"uagb-ifb-content\"><div class=\"uagb-ifb-title-wrap\"><h3 class=\"uagb-ifb-title\">Preventivi<\/h3><\/div><p class=\"uagb-ifb-desc\">Se volete pi\u00f9 informazioni prima di un ordine, chiedete un preventivo! Vi baster\u00e0 semplicemente inviare un email o un messaggio whatsapp alla vetreria per richiederlo. Verr\u00e0 inviato entro le 24h dall&#8217;invio del vostro messaggio!<\/p><\/div><\/div>\n\n\n\n<div class=\"wp-block-uagb-icon-list uagb-block-351fde3a\"><div class=\"uagb-icon-list__wrap\">\n<div class=\"wp-block-uagb-icon-list-child uagb-block-b1fca9c2\"><span class=\"uagb-icon-list__source-wrap\"><svg xmlns=\"https:\/\/www.w3.org\/2000\/svg\" viewBox=\"0 0 512 512\"><path d=\"M256 0C114.6 0 0 114.6 0 256c0 141.4 114.6 256 256 256s256-114.6 256-256C512 114.6 397.4 0 256 0zM406.6 278.6l-103.1 103.1c-12.5 12.5-32.75 12.5-45.25 0s-12.5-32.75 0-45.25L306.8 288H128C110.3 288 96 273.7 96 256s14.31-32 32-32h178.8l-49.38-49.38c-12.5-12.5-12.5-32.75 0-45.25s32.75-12.5 45.25 0l103.1 103.1C414.6 241.3 416 251.1 416 256C416 260.9 414.6 270.7 406.6 278.6z\"><\/path><\/svg><\/span><span class=\"uagb-icon-list__label\">Scrivere al<strong> 3331747731<\/strong> o all&#8217;email <strong>vetreriataschini@alice.it <\/strong><\/span><\/div>\n\n\n\n<div class=\"wp-block-uagb-icon-list-child uagb-block-80386256\"><span class=\"uagb-icon-list__source-wrap\"><svg xmlns=\"https:\/\/www.w3.org\/2000\/svg\" viewBox=\"0 0 512 512\"><path d=\"M256 0C114.6 0 0 114.6 0 256c0 141.4 114.6 256 256 256s256-114.6 256-256C512 114.6 397.4 0 256 0zM406.6 278.6l-103.1 103.1c-12.5 12.5-32.75 12.5-45.25 0s-12.5-32.75 0-45.25L306.8 288H128C110.3 288 96 273.7 96 256s14.31-32 32-32h178.8l-49.38-49.38c-12.5-12.5-12.5-32.75 0-45.25s32.75-12.5 45.25 0l103.1 103.1C414.6 241.3 416 251.1 416 256C416 260.9 414.6 270.7 406.6 278.6z\"><\/path><\/svg><\/span><span class=\"uagb-icon-list__label\">Aggiungere al messaggio: <strong>misure del vetro che volete<\/strong> + <strong>P.IVA<\/strong> + <strong>indirizzo<\/strong> + <strong>nome di chi richiede il preventivo<\/strong>.  <\/span><\/div>\n\n\n\n<div class=\"wp-block-uagb-icon-list-child uagb-block-c0facd63\"><span class=\"uagb-icon-list__source-wrap\"><svg xmlns=\"https:\/\/www.w3.org\/2000\/svg\" viewBox=\"0 0 512 512\"><path d=\"M256 0C114.6 0 0 114.6 0 256c0 141.4 114.6 256 256 256s256-114.6 256-256C512 114.6 397.4 0 256 0zM406.6 278.6l-103.1 103.1c-12.5 12.5-32.75 12.5-45.25 0s-12.5-32.75 0-45.25L306.8 288H128C110.3 288 96 273.7 96 256s14.31-32 32-32h178.8l-49.38-49.38c-12.5-12.5-12.5-32.75 0-45.25s32.75-12.5 45.25 0l103.1 103.1C414.6 241.3 416 251.1 416 256C416 260.9 414.6 270.7 406.6 278.6z\"><\/path><\/svg><\/span><span class=\"uagb-icon-list__label\">Infine vi baster\u00e0 solo aspettare una risposta entro le 24h e confermare l&#8217;ordine alla vetreria se siete soddisfatti del vostro preventivo! <\/span><\/div>\n<\/div><\/div>\n","protected":false},"excerpt":{"rendered":"","protected":false},"author":1,"featured_media":0,"parent":0,"menu_order":0,"comment_status":"closed","ping_status":"closed","template":"","meta":{"_uag_custom_page_level_css":"","site-sidebar-layout":"default","site-content-layout":"default","ast-global-header-display":"","ast-main-header-display":"","ast-hfb-above-header-display":"","ast-hfb-below-header-display":"","ast-hfb-mobile-header-display":"","site-post-title":"disabled","ast-breadcrumbs-content":"","ast-featured-img":"","footer-sml-layout":"","theme-transparent-header-meta":"","adv-header-id-meta":"","stick-header-meta":"","header-above-stick-meta":"","header-main-stick-meta":"","header-below-stick-meta":"","footnotes":""},"class_list":["post-1485","page","type-page","status-publish","hentry"],"uagb_featured_image_src":{"full":false,"thumbnail":false,"medium":false,"medium_large":false,"large":false,"1536x1536":false,"2048x2048":false,"woocommerce_thumbnail":false,"woocommerce_single":false,"woocommerce_gallery_thumbnail":false},"uagb_author_info":{"display_name":"admin","author_link":"https:\/\/chiarat.ntfnd.it\/?author=1"},"uagb_comment_info":0,"uagb_excerpt":null,"_links":{"self":[{"href":"https:\/\/chiarat.ntfnd.it\/index.php?rest_route=\/wp\/v2\/pages\/1485","targetHints":{"allow":["GET"]}}],"collection":[{"href":"https:\/\/chiarat.ntfnd.it\/index.php?rest_route=\/wp\/v2\/pages"}],"about":[{"href":"https:\/\/chiarat.ntfnd.it\/index.php?rest_route=\/wp\/v2\/types\/page"}],"author":[{"embeddable":true,"href":"https:\/\/chiarat.ntfnd.it\/index.php?rest_route=\/wp\/v2\/users\/1"}],"replies":[{"embeddable":true,"href":"https:\/\/chiarat.ntfnd.it\/index.php?rest_route=%2Fwp%2Fv2%2Fcomments&post=1485"}],"version-history":[{"count":6,"href":"https:\/\/chiarat.ntfnd.it\/index.php?rest_route=\/wp\/v2\/pages\/1485\/revisions"}],"predecessor-version":[{"id":1549,"href":"https:\/\/chiarat.ntfnd.it\/index.php?rest_route=\/wp\/v2\/pages\/1485\/revisions\/1549"}],"wp:attachment":[{"href":"https:\/\/chiarat.ntfnd.it\/index.php?rest_route=%2Fwp%2Fv2%2Fmedia&parent=1485"}],"curies":[{"name":"wp","href":"https:\/\/api.w.org\/{rel}","templated":true}]}}