{"id":910,"date":"2022-02-02T10:24:52","date_gmt":"2022-02-02T10:24:52","guid":{"rendered":"https:\/\/chiarat.ntfnd.it\/?page_id=910"},"modified":"2023-08-24T13:05:48","modified_gmt":"2023-08-24T11:05:48","slug":"projects","status":"publish","type":"page","link":"https:\/\/chiarat.ntfnd.it\/?page_id=910","title":{"rendered":"Projects"},"content":{"rendered":"\n<div class=\"wp-block-uagb-container uagb-block-b62852bf alignfull uagb-is-root-container\"><div class=\"uagb-container-inner-blocks-wrap\">\n<div class=\"wp-block-uagb-advanced-heading uagb-block-371f058d\"><h1 class=\"uagb-heading-text\">Catalogo<\/h1><\/div>\n<\/div><\/div>\n\n\n\n<div class=\"wp-block-uagb-container uagb-block-b7e5915a alignfull uagb-is-root-container\"><div class=\"uagb-container-inner-blocks-wrap\">\n<div class=\"wp-block-uagb-advanced-heading uagb-block-57a7dfaf\"><h6 class=\"uagb-heading-text\">Il nostro catalogo<\/h6><\/div>\n\n\n\n<div class=\"wp-block-uagb-advanced-heading uagb-block-c082e022\"><h2 class=\"uagb-heading-text\">Tutte le tipologie di vetro che mettiamo a disposizione!<\/h2><\/div>\n\n\n\n<div class=\"wp-block-uagb-container uagb-block-6dade4ca\">\n<div class=\"wp-block-uagb-container uagb-block-b98a0be6\">\n<div class=\"wp-block-uagb-info-box uagb-block-cfc0403c uagb-infobox__content-wrap  uagb-infobox-icon-above-title uagb-infobox-image-valign-top\"><div class=\"uagb-ifb-content\"><div class=\"uagb-ifb-image-content\"><img decoding=\"async\" src=\"http:\/\/chiarat.ntfnd.it\/wp-content\/uploads\/2023\/08\/z0a_6877.jpg\" alt=\"\" width=\"800\" height=\"532\" loading=\"lazy\"\/><\/div><div class=\"uagb-ifb-title-wrap\"><h4 class=\"uagb-ifb-title\">Vetro semplice<\/h4><\/div><p class=\"uagb-ifb-desc\">6\/7 mm<\/p><\/div><\/div>\n<\/div>\n\n\n\n<div class=\"wp-block-uagb-container uagb-block-fe0e0406\">\n<div class=\"wp-block-uagb-info-box uagb-block-aa88cc48 uagb-infobox__content-wrap  uagb-infobox-icon-above-title uagb-infobox-image-valign-top\"><div class=\"uagb-ifb-content\"><div class=\"uagb-ifb-image-content\"><img decoding=\"async\" src=\"http:\/\/chiarat.ntfnd.it\/wp-content\/uploads\/2023\/08\/float-satinato-extra-chiaro-new.jpg\" alt=\"\" width=\"300\" height=\"300\" loading=\"lazy\"\/><\/div><div class=\"uagb-ifb-title-wrap\"><h4 class=\"uagb-ifb-title\">Vetro bianco latte\u200b<\/h4><\/div><p class=\"uagb-ifb-desc\">6\/7 o 8\/9 mm<\/p><\/div><\/div>\n<\/div>\n\n\n\n<div class=\"wp-block-uagb-container uagb-block-250bf47b\">\n<div class=\"wp-block-uagb-info-box uagb-block-01cc895f uagb-infobox__content-wrap  uagb-infobox-icon-above-title uagb-infobox-image-valign-top\"><div class=\"uagb-ifb-content\"><div class=\"uagb-ifb-image-content\"><img decoding=\"async\" src=\"http:\/\/chiarat.ntfnd.it\/wp-content\/uploads\/2023\/08\/Z0A_6874-scaled.jpg\" alt=\"\" width=\"2560\" height=\"1964\" loading=\"lazy\"\/><\/div><div class=\"uagb-ifb-title-wrap\"><h4 class=\"uagb-ifb-title\">Specchi <\/h4><\/div><p class=\"uagb-ifb-desc\">6\/7 fino al 10 mm \u200b<\/p><\/div><\/div>\n<\/div>\n\n\n\n<div class=\"wp-block-uagb-container uagb-block-adc0ff22\">\n<div class=\"wp-block-uagb-info-box uagb-block-a2fd1855 uagb-infobox__content-wrap  uagb-infobox-icon-above-title uagb-infobox-image-valign-top\"><div class=\"uagb-ifb-content\"><div class=\"uagb-ifb-image-content\"><img decoding=\"async\" src=\"http:\/\/chiarat.ntfnd.it\/wp-content\/uploads\/2023\/08\/vetreria-amiatina-arcidosso-011-640w.jpg.webp\" alt=\"\" width=\"640\" height=\"428\" loading=\"lazy\"\/><\/div><div class=\"uagb-ifb-title-wrap\"><h4 class=\"uagb-ifb-title\">Vetro termico<\/h4><\/div><p class=\"uagb-ifb-desc\">Qualsiasi misura, su ordinazione.<\/p><\/div><\/div>\n<\/div>\n\n\n\n<div class=\"wp-block-uagb-container uagb-block-a3d528db\">\n<div class=\"wp-block-uagb-info-box uagb-block-7d780361 uagb-infobox__content-wrap  uagb-infobox-icon-above-title uagb-infobox-image-valign-top\"><div class=\"uagb-ifb-content\"><div class=\"uagb-ifb-image-content\"><img decoding=\"async\" src=\"http:\/\/chiarat.ntfnd.it\/wp-content\/uploads\/2023\/08\/20161022000628150.jpg.webp\" alt=\"\" width=\"900\" height=\"900\" loading=\"lazy\"\/><\/div><div class=\"uagb-ifb-title-wrap\"><h4 class=\"uagb-ifb-title\">Vetro antinfortunistico<\/h4><\/div><p class=\"uagb-ifb-desc\">8\/9 mm \u200be altre misure, su ordine.<\/p><\/div><\/div>\n<\/div>\n\n\n\n<div class=\"wp-block-uagb-container uagb-block-4d5b184d\">\n<div class=\"wp-block-uagb-info-box uagb-block-44823213 uagb-infobox__content-wrap  uagb-infobox-icon-above-title uagb-infobox-image-valign-top\"><div class=\"uagb-ifb-content\"><div class=\"uagb-ifb-image-content\"><img decoding=\"async\" src=\"http:\/\/chiarat.ntfnd.it\/wp-content\/uploads\/2023\/08\/vetri-con-pvb-colorato.jpg\" alt=\"\" width=\"800\" height=\"533\" loading=\"lazy\"\/><\/div><div class=\"uagb-ifb-title-wrap\"><h4 class=\"uagb-ifb-title\">Vetri colorati<\/h4><\/div><p class=\"uagb-ifb-desc\">Qualsiasi misura e colore, su ordine.\u200b<\/p><\/div><\/div>\n<\/div>\n<\/div>\n<\/div><\/div>\n\n\n\n<div class=\"wp-block-uagb-info-box uagb-block-00575c03 uagb-infobox__content-wrap  uagb-infobox-icon-above-title uagb-infobox-image-valign-top\"><div class=\"uagb-ifb-content\"><div class=\"uagb-ifb-icon-wrap\"><svg xmlns=\"https:\/\/www.w3.org\/2000\/svg\" viewBox=\"0 0 512 512\"><path d=\"M256 0C114.6 0 0 114.6 0 256s114.6 256 256 256s256-114.6 256-256S397.4 0 256 0zM256 128c17.67 0 32 14.33 32 32c0 17.67-14.33 32-32 32S224 177.7 224 160C224 142.3 238.3 128 256 128zM296 384h-80C202.8 384 192 373.3 192 360s10.75-24 24-24h16v-64H224c-13.25 0-24-10.75-24-24S210.8 224 224 224h32c13.25 0 24 10.75 24 24v88h16c13.25 0 24 10.75 24 24S309.3 384 296 384z\"><\/path><\/svg><\/div><div class=\"uagb-ifb-title-wrap\"><h3 class=\"uagb-ifb-title\">Informazioni prezzo e tempo d&#8217;attesa<\/h3><\/div><p class=\"uagb-ifb-desc\">Il vetro semplice, bianco latte e gli specchi possono essere ordinati e ritirati in un arco di tempo minimo di una settimana. Invece per il vetro termico, antinfortunistico e i colorati ci pu\u00f2 essere un&#8217;attesa minima di due settimane. Il <strong>prezzo<\/strong> di ogni ordine verr\u00e0 calcolato in vetreria al metro quadro, differente per ogni tipologia di vetro o specchio, pi\u00f9 IVA e costi di spedizione e montaggio (se compresi nell&#8217;ordine). In caso di sostituzione del vetro rotto, verr\u00e0 aggiunto il costo dello smontaggio e dello smaltimento. <\/p><\/div><\/div>\n","protected":false},"excerpt":{"rendered":"<p>Catalogo Il nostro catalogo Tutte le tipologie di vetro che mettiamo a disposizione!<\/p>\n","protected":false},"author":1,"featured_media":0,"parent":0,"menu_order":0,"comment_status":"closed","ping_status":"closed","template":"","meta":{"_uag_custom_page_level_css":"","site-sidebar-layout":"no-sidebar","site-content-layout":"plain-container","ast-global-header-display":"","ast-main-header-display":"","ast-hfb-above-header-display":"","ast-hfb-below-header-display":"","ast-hfb-mobile-header-display":"","site-post-title":"disabled","ast-breadcrumbs-content":"","ast-featured-img":"disabled","footer-sml-layout":"","theme-transparent-header-meta":"enabled","adv-header-id-meta":"","stick-header-meta":"","header-above-stick-meta":"","header-main-stick-meta":"","header-below-stick-meta":"","footnotes":""},"class_list":["post-910","page","type-page","status-publish","hentry"],"uagb_featured_image_src":{"full":false,"thumbnail":false,"medium":false,"medium_large":false,"large":false,"1536x1536":false,"2048x2048":false,"woocommerce_thumbnail":false,"woocommerce_single":false,"woocommerce_gallery_thumbnail":false},"uagb_author_info":{"display_name":"admin","author_link":"https:\/\/chiarat.ntfnd.it\/?author=1"},"uagb_comment_info":0,"uagb_excerpt":"Catalogo Il nostro catalogo Tutte le tipologie di vetro che mettiamo a disposizione!","_links":{"self":[{"href":"https:\/\/chiarat.ntfnd.it\/index.php?rest_route=\/wp\/v2\/pages\/910","targetHints":{"allow":["GET"]}}],"collection":[{"href":"https:\/\/chiarat.ntfnd.it\/index.php?rest_route=\/wp\/v2\/pages"}],"about":[{"href":"https:\/\/chiarat.ntfnd.it\/index.php?rest_route=\/wp\/v2\/types\/page"}],"author":[{"embeddable":true,"href":"https:\/\/chiarat.ntfnd.it\/index.php?rest_route=\/wp\/v2\/users\/1"}],"replies":[{"embeddable":true,"href":"https:\/\/chiarat.ntfnd.it\/index.php?rest_route=%2Fwp%2Fv2%2Fcomments&post=910"}],"version-history":[{"count":7,"href":"https:\/\/chiarat.ntfnd.it\/index.php?rest_route=\/wp\/v2\/pages\/910\/revisions"}],"predecessor-version":[{"id":1548,"href":"https:\/\/chiarat.ntfnd.it\/index.php?rest_route=\/wp\/v2\/pages\/910\/revisions\/1548"}],"wp:attachment":[{"href":"https:\/\/chiarat.ntfnd.it\/index.php?rest_route=%2Fwp%2Fv2%2Fmedia&parent=910"}],"curies":[{"name":"wp","href":"https:\/\/api.w.org\/{rel}","templated":true}]}}